{"id":9516,"date":"2021-10-03T11:49:03","date_gmt":"2021-10-03T11:49:03","guid":{"rendered":"https:\/\/thirteenroses.es\/?page_id=9516"},"modified":"2023-07-18T10:32:06","modified_gmt":"2023-07-18T10:32:06","slug":"aviso-legal-y-politica-de-privacidad-2","status":"publish","type":"page","link":"https:\/\/thirteenroses.es\/?page_id=9516","title":{"rendered":"Aviso legal y pol\u00edtica de privacidad"},"content":{"rendered":"\t\t<div data-elementor-type=\"wp-page\" data-elementor-id=\"9516\" class=\"elementor elementor-9516\" data-elementor-settings=\"[]\">\n\t\t\t\t\t\t<div class=\"elementor-inner\">\n\t\t\t\t\t\t\t<div class=\"elementor-section-wrap\">\n\t\t\t\t\t\t\t<section class=\"elementor-section elementor-top-section elementor-element elementor-element-64628168 elementor-section-boxed elementor-section-height-default elementor-section-height-default\" data-id=\"64628168\" data-element_type=\"section\">\n\t\t\t\t\t\t<div class=\"elementor-container elementor-column-gap-default\">\n\t\t\t\t\t\t\t<div class=\"elementor-row\">\n\t\t\t\t\t<div class=\"elementor-column elementor-col-100 elementor-top-column elementor-element elementor-element-617c967\" data-id=\"617c967\" data-element_type=\"column\">\n\t\t\t<div class=\"elementor-column-wrap elementor-element-populated\">\n\t\t\t\t\t\t\t<div class=\"elementor-widget-wrap\">\n\t\t\t\t\t\t<div class=\"elementor-element elementor-element-3524fcd4 elementor-widget elementor-widget-text-editor\" data-id=\"3524fcd4\" data-element_type=\"widget\" data-widget_type=\"text-editor.default\">\n\t\t\t\t<div class=\"elementor-widget-container\">\n\t\t\t\t\t<div class=\"elementor-text-editor elementor-clearfix\"><p><\/p>\n<p><!-- wp:html --><\/p>\n<p><b>&nbsp;<\/b><\/p>\n<ul>\n<li>\n<p style=\"text-indent: -18.0pt; mso-list: l0 level1 lfo1;\">&nbsp; &nbsp; &nbsp; &nbsp;<!--[endif]--><b>CONDICIONES DE ACCESO Y UTILIZACI\u00d3N<\/b><\/p>\n<p><strong>&nbsp;<\/strong><\/p>\n<\/li>\n<\/ul>\n<p>El presente aviso legal regula el uso del sitio web www.thirteenroses.es (en adelante, LA WEB), del que es titular Laura L\u00f3pez Andrade<\/p>\n<p><\/p>\n<p>La navegaci\u00f3n por la web de Thirteen Roses atribuye la condici\u00f3n de usuario del mismo e implica la aceptaci\u00f3n plena y sin reservas de todas y cada una de las disposiciones incluidas en este Aviso Legal, que pueden sufrir modificaciones.<\/p>\n<p style=\"color: var( --e-global-color-text ); font-family: var( --e-global-typography-text-font-family ), Sans-serif; font-weight: var( --e-global-typography-text-font-weight );\">El sitio web y sus servicios son de acceso libre y gratuito, no obstante, Thirteen Roses condiciona la utilizaci\u00f3n de algunos de los servicios ofrecidos en su web a la previa cumplimentaci\u00f3n del correspondiente formulario.<\/p>\n<p style=\"color: var( --e-global-color-text ); font-family: var( --e-global-typography-text-font-family ), Sans-serif; font-weight: var( --e-global-typography-text-font-weight );\">Todos los contenidos del sitio web, como textos, fotograf\u00edas, gr\u00e1ficos, im\u00e1genes, iconos, tecnolog\u00eda, software, as\u00ed como su dise\u00f1o y c\u00f3digos fuente, constituyen una obra cuya propiedad pertenece a Thirteen Roses, sin que puedan entenderse cedidos al usuario ninguno de los derechos de explotaci\u00f3n sobre los mismos m\u00e1s all\u00e1 de lo estrictamente necesario para el correcto uso de la web.<\/p>\n<p style=\"color: var( --e-global-color-text ); font-family: var( --e-global-typography-text-font-family ), Sans-serif; font-weight: var( --e-global-typography-text-font-weight );\">El usuario garantiza la autenticidad y actualidad de todos aquellos datos que comunique a Thirteen Roses y ser\u00e1 el \u00fanico responsable de las manifestaciones falsas o inexactas que realice.<\/p>\n<p style=\"color: var( --e-global-color-text ); font-family: var( --e-global-typography-text-font-family ), Sans-serif; font-weight: var( --e-global-typography-text-font-weight );\">El usuario se obliga a hacer un uso correcto del sitio web de conformidad con las leyes, la buena fe, el orden p\u00fablico, los usos del tr\u00e1fico y el presente Aviso Legal. El usuario responder\u00e1 frente a Thirteen Roses o frente a terceros, de cualesquiera da\u00f1os y perjuicios que pudieran causarse como consecuencia del incumplimiento de dicha obligaci\u00f3n.<\/p><div><br><div><br>\n<p><\/p>\n<div>\n<p style=\"color: var( --e-global-color-text ); font-family: var( --e-global-typography-text-font-family ), Sans-serif; font-weight: var( --e-global-typography-text-font-weight ); text-align: left; text-indent: -18pt;\" align=\"left\">\n<\/p><\/div>\n<div>\n<p style=\"color: var( --e-global-color-text ); font-family: var( --e-global-typography-text-font-family ), Sans-serif; font-weight: var( --e-global-typography-text-font-weight ); text-align: left; text-indent: -18pt; padding-left: 40px;\" align=\"left\">\u00b7&nbsp;&nbsp;&nbsp;&nbsp;&nbsp;&nbsp; <b>POL\u00cdTICA DE ENLACES Y EXENCIONES DE RESPONSABILIDADES<\/b><\/p>\n<p><\/p>\n<p style=\"color: var( --e-global-color-text ); font-family: var( --e-global-typography-text-font-family ), Sans-serif; font-weight: var( --e-global-typography-text-font-weight ); text-align: left; text-indent: -18pt;\" align=\"left\"><b>&nbsp;<\/b><\/p>&nbsp;<\/div><div><p style=\"color: var( --e-global-color-text ); font-family: var( --e-global-typography-text-font-family ), Sans-serif; font-weight: var( --e-global-typography-text-font-weight );\"><br><\/p><\/div><div><p style=\"color: var( --e-global-color-text ); font-family: var( --e-global-typography-text-font-family ), Sans-serif; font-weight: var( --e-global-typography-text-font-weight );\">Thirteen Roses no se hace responsable del contenido de las p\u00e1ginas web a las que el usuario pueda acceder a trav\u00e9s de los enlaces establecidos en LA WEB y declara que en ning\u00fan caso proceder\u00e1 a examinar o ejercitar ning\u00fan tipo de control sobre el contenido de otras p\u00e1ginas de la red. Asimismo, tampoco garantizar\u00e1 la disponibilidad t\u00e9cnica, exactitud, veracidad, validez o legalidad de p\u00e1ginas ajenas a su propiedad a las que se pueda acceder por medio de los enlaces.<\/p>\n<p style=\"color: var( --e-global-color-text ); font-family: var( --e-global-typography-text-font-family ), Sans-serif; font-weight: var( --e-global-typography-text-font-weight );\">Thirteen Roses declara haber adoptado todas las medidas necesarias para evitar cualesquiera da\u00f1os que, a los usuarios de LA WEB, pudieran derivarse de la navegaci\u00f3n por la misma. En consecuencia, Thirteen Roses no se hace responsable, en ning\u00fan caso, de los eventuales da\u00f1os que por la navegaci\u00f3n por Internet pudiera sufrir el usuario.<\/p>\n<p><\/p>\n<p><br><\/p>\n<p style=\"color: var( --e-global-color-text ); font-family: var( --e-global-typography-text-font-family ), Sans-serif; font-weight: var( --e-global-typography-text-font-weight );\"><br><\/p>\n<\/div><div><p style=\"color: var( --e-global-color-text ); font-family: var( --e-global-typography-text-font-family ), Sans-serif; font-weight: var( --e-global-typography-text-font-weight );\"><br><\/p><\/div>\n<div>\n<p style=\"color: var( --e-global-color-text ); font-family: var( --e-global-typography-text-font-family ), Sans-serif; font-weight: var( --e-global-typography-text-font-weight ); text-align: left; text-indent: -18pt; padding-left: 40px;\" align=\"left\">\u00b7&nbsp;&nbsp;&nbsp;&nbsp;&nbsp;&nbsp; <b>USO DE COOKIES Y DATOS ESTAD\u00cdSTICOS&nbsp;<\/b><\/p><\/div><div><p style=\"color: var( --e-global-color-text ); font-family: var( --e-global-typography-text-font-family ), Sans-serif; font-weight: var( --e-global-typography-text-font-weight );\"><br><\/p><\/div><div>\n<p style=\"color: var( --e-global-color-text ); font-family: var( --e-global-typography-text-font-family ), Sans-serif; font-weight: var( --e-global-typography-text-font-weight );\">Esta p\u00e1gina web puede recoger datos de sus visitantes por medio del uso de cookies, donde se recabar\u00e1 informaci\u00f3n personal relacionada con su navegaci\u00f3n. Para conocer de manera clara y precisa las cookies que utilizamos, cu\u00e1les son sus finalidades y c\u00f3mo puede configurarlas o deshabilitarlas, consulte nuestra <b><i><u>pol\u00edtica de cookies<\/u><\/i><\/b>, en su caso.&nbsp;<\/p>\n<p><\/p>\n<p style=\"color: var( --e-global-color-text ); font-family: var( --e-global-typography-text-font-family ), Sans-serif; font-weight: var( --e-global-typography-text-font-weight );\">La finalidad de dicho tratamiento es la descrita en cada uno de los formularios establecidos en la p\u00e1gina web en el que Usted nos haya facilitado sus datos.<\/p>\n<p style=\"color: var( --e-global-color-text ); font-family: var( --e-global-typography-text-font-family ), Sans-serif; font-weight: var( --e-global-typography-text-font-weight );\">Los datos facilitados no ser\u00e1n cedidos a terceros salvo en los casos en que exista una obligaci\u00f3n legal, y se conservar\u00e1n durante el tiempo necesario para atender su solicitud, siempre y cuando no nos indique lo contrario ejerciendo su derecho de supresi\u00f3n, o durante el tiempo necesario para cumplir con las obligaciones legales y atender las posibles responsabilidades que pudieran derivar del cumplimiento de la finalidad para la que los datos fueron recabados.<\/p>\n<p style=\"color: var( --e-global-color-text ); font-family: var( --e-global-typography-text-font-family ), Sans-serif; font-weight: var( --e-global-typography-text-font-weight );\">Thirteen Roses no elaborar\u00e1 ning\u00fan tipo de \u201cperfil\u201d, en base a la informaci\u00f3n facilitada. No se tomar\u00e1n decisiones automatizadas en base a perfiles.&nbsp;<\/p>\n<p style=\"color: var( --e-global-color-text ); font-family: var( --e-global-typography-text-font-family ), Sans-serif; font-weight: var( --e-global-typography-text-font-weight );\">Asimismo, Thirteen Roses cancelar\u00e1 o rectificar\u00e1 los datos cuando resulten inexactos, incompletos o hayan dejado de ser necesarios para su finalidad, de conformidad con lo previsto en la legislaci\u00f3n vigente en materia de Protecci\u00f3n de Datos de Car\u00e1cter Personal.<\/p>\n<p style=\"color: var( --e-global-color-text ); font-family: var( --e-global-typography-text-font-family ), Sans-serif; font-weight: var( --e-global-typography-text-font-weight );\">Mientras no nos comunique lo contrario, entenderemos que sus datos no han sido modificados, que usted se compromete a notificarnos cualquier variaci\u00f3n y que tenemos el consentimiento para utilizarlos a fin de poder fidelizar la relaci\u00f3n entre las partes.<\/p>\n<p><\/p>\n<p style=\"color: var( --e-global-color-text ); font-family: var( --e-global-typography-text-font-family ), Sans-serif; font-weight: var( --e-global-typography-text-font-weight );\">El usuario podr\u00e1 ejercer los derechos de acceso, rectificaci\u00f3n, supresi\u00f3n, oposici\u00f3n, limitaci\u00f3n del tratamiento, portabilidad de datos y a no ser objeto de decisiones individualizadas automatizadas, en relaci\u00f3n con los datos objeto del tratamiento, ante el responsable del tratamiento en la direcci\u00f3n anteriormente mencionada, o por correo electr\u00f3nico a Thirteen Roses, adjuntando copia de su DNI o documento equivalente.<b> <\/b>En caso de que no haya obtenido satisfacci\u00f3n en el ejercicio de sus derechos, podr\u00e1 presentar una reclamaci\u00f3n ante la&nbsp; <i>Autoridad de Control en materia Protecci\u00f3n de Datos competente, <\/i>siendo \u00e9sta la <i>Agencia Espa\u00f1ola de Protecci\u00f3n de Datos, <\/i>y cuyos datos de contacto est\u00e1n accesibles en <a href=\"https:\/\/sedeagpd.gob.es\/sede-electronica-web\/vistas\/formNuevaReclamacion\/reclamacion.jsf\"><i>https:\/\/sedeagpd.gob.es\/sede-electronica-web\/vistas\/formNuevaReclamacion\/reclamacion.jsf<\/i><\/a><i>.<\/i><\/p>\n<\/div><div><p style=\"color: var( --e-global-color-text ); font-family: var( --e-global-typography-text-font-family ), Sans-serif; font-weight: var( --e-global-typography-text-font-weight );\"><i><br><\/i><\/p><\/div>\n<div><p><i><br><\/i><\/p>\n<div>\n<div>\n<div>\n<div class=\"block-editor-block-list__layout is-root-container\">\n<p id=\"block-56ebbf8e-57c8-44c7-b101-89532736c0b3\" class=\"block-editor-block-list__block wp-block rich-text block-editor-rich-text__editable wp-block\" tabindex=\"0\" role=\"textbox\" aria-label=\"Bloque de p\u00e1rrafo\" aria-multiline=\"true\" data-block=\"56ebbf8e-57c8-44c7-b101-89532736c0b3\" data-type=\"core\/paragraph\" data-title=\"P\u00e1rrafo\">Thirteen Roses adopta las medidas t\u00e9cnicas, controles y procedimientos de car\u00e1cter f\u00edsico, organizativo y tecnol\u00f3gico, razonablemente fiables y efectivos, orientados a preservar la integridad y la seguridad de sus datos y garantizar su privacidad. No obstante, no asume ninguna responsabilidad por los da\u00f1os y perjuicios derivados de alteraciones que terceros puedan causar en los sistemas inform\u00e1ticos, documentos electr\u00f3nicos o ficheros del usuario.<\/p>\n<p id=\"block-18ff87a1-fea7-46c9-bdd3-f065cc61aff3\" class=\"block-editor-block-list__block wp-block rich-text block-editor-rich-text__editable wp-block\" tabindex=\"0\" role=\"textbox\" aria-label=\"Bloque vac\u00edo; empieza a escribir o escribe una barra ( \/ ) para elegir un bloque\" aria-multiline=\"true\" data-block=\"18ff87a1-fea7-46c9-bdd3-f065cc61aff3\" data-type=\"core\/paragraph\" data-title=\"P\u00e1rrafo\">\n<\/p><p id=\"block-b476cde6-c2c7-4c22-a018-f51b7e67dc56\" class=\"block-editor-block-list__block wp-block rich-text block-editor-rich-text__editable wp-block\" tabindex=\"0\" role=\"textbox\" aria-label=\"Bloque de p\u00e1rrafo\" aria-multiline=\"true\" data-block=\"b476cde6-c2c7-4c22-a018-f51b7e67dc56\" data-type=\"core\/paragraph\" data-title=\"P\u00e1rrafo\">Adem\u00e1s, todo el personal con acceso a los datos personales ha sido formado y tiene conocimiento de sus obligaciones con relaci\u00f3n a los tratamientos de sus datos personales.<\/p>\n<p id=\"block-8ba7d1d6-94a8-4049-a6ca-00c570bc5dc5\" class=\"block-editor-block-list__block wp-block rich-text block-editor-rich-text__editable wp-block\" tabindex=\"0\" role=\"textbox\" aria-label=\"Bloque vac\u00edo; empieza a escribir o escribe una barra ( \/ ) para elegir un bloque\" aria-multiline=\"true\" data-block=\"8ba7d1d6-94a8-4049-a6ca-00c570bc5dc5\" data-type=\"core\/paragraph\" data-title=\"P\u00e1rrafo\">\n<\/p><p id=\"block-eae34e38-ff02-41c7-a07d-4c4f11609a82\" class=\"block-editor-block-list__block wp-block rich-text block-editor-rich-text__editable wp-block\" tabindex=\"0\" role=\"textbox\" aria-label=\"Bloque de p\u00e1rrafo\" aria-multiline=\"true\" data-block=\"eae34e38-ff02-41c7-a07d-4c4f11609a82\" data-type=\"core\/paragraph\" data-title=\"P\u00e1rrafo\">En el caso de los contratos que suscribimos con nuestros proveedores incluimos cl\u00e1usulas en las que se les exige mantener el deber de secreto respecto a los datos de car\u00e1cter personal a los que hayan tenido acceso en virtud del encargo realizado, as\u00ed como implantar las medidas de seguridad t\u00e9cnicas y organizativas necesarias para garantizar la confidencialidad, integridad, disponibilidad y resiliencia permanentes de los sistemas y servicios de tratamiento de los datos personales.<\/p>\n<p id=\"block-f91507ca-922b-4eee-b202-6e57247866ba\" class=\"block-editor-block-list__block wp-block rich-text block-editor-rich-text__editable wp-block\" tabindex=\"0\" role=\"textbox\" aria-label=\"Bloque vac\u00edo; empieza a escribir o escribe una barra ( \/ ) para elegir un bloque\" aria-multiline=\"true\" data-block=\"f91507ca-922b-4eee-b202-6e57247866ba\" data-type=\"core\/paragraph\" data-title=\"P\u00e1rrafo\">\n<\/p><p id=\"block-d7c5604c-8ca2-4e9d-bbce-063812fd2094\" class=\"block-editor-block-list__block wp-block rich-text block-editor-rich-text__editable wp-block\" tabindex=\"0\" role=\"textbox\" aria-label=\"Bloque de p\u00e1rrafo\" aria-multiline=\"true\" data-block=\"d7c5604c-8ca2-4e9d-bbce-063812fd2094\" data-type=\"core\/paragraph\" data-title=\"P\u00e1rrafo\">Todas estas medidas de seguridad son revisadas de forma peri\u00f3dica para garantizar su adecuaci\u00f3n y efectividad.<\/p>\n<p id=\"block-2b382ce7-a484-4cb0-8897-8e99262758bd\" class=\"block-editor-block-list__block wp-block rich-text block-editor-rich-text__editable wp-block\" tabindex=\"0\" role=\"textbox\" aria-label=\"Bloque vac\u00edo; empieza a escribir o escribe una barra ( \/ ) para elegir un bloque\" aria-multiline=\"true\" data-block=\"2b382ce7-a484-4cb0-8897-8e99262758bd\" data-type=\"core\/paragraph\" data-title=\"P\u00e1rrafo\">\n<\/p><p id=\"block-3b89d26a-6a70-4f31-ad52-9fffe6c29afb\" class=\"block-editor-block-list__block wp-block rich-text block-editor-rich-text__editable is-hovered wp-block\" tabindex=\"0\" role=\"textbox\" aria-label=\"Bloque de p\u00e1rrafo\" aria-multiline=\"true\" data-block=\"3b89d26a-6a70-4f31-ad52-9fffe6c29afb\" data-type=\"core\/paragraph\" data-title=\"P\u00e1rrafo\">Sin embargo, la seguridad absoluta no se puede garantizar y no existe ning\u00fan sistema de seguridad que sea impenetrable por lo que, en el caso de cualquier informaci\u00f3n objeto de tratamiento y bajo nuestro control se viese comprometida como consecuencia de una brecha de seguridad, tomaremos las medidas adecuadas para investigar el incidente, notificarlo a la Autoridad de Control y, en su caso, a aquellos usuarios que se hubieran podido ver afectados para que tomen las medidas adecuadas.<\/p>\n<p id=\"block-0caae9fa-5612-4fc0-b96f-e8765393e8b5\" class=\"block-editor-block-list__block wp-block rich-text block-editor-rich-text__editable wp-block\" tabindex=\"0\" role=\"textbox\" aria-label=\"Bloque vac\u00edo; empieza a escribir o escribe una barra ( \/ ) para elegir un bloque\" aria-multiline=\"true\" data-block=\"0caae9fa-5612-4fc0-b96f-e8765393e8b5\" data-type=\"core\/paragraph\" data-title=\"P\u00e1rrafo\">\n<\/p><p id=\"block-7d49b16b-6430-4eca-8d29-8665f36216e2\" class=\"block-editor-block-list__block wp-block rich-text block-editor-rich-text__editable wp-block\" tabindex=\"0\" role=\"textbox\" aria-label=\"Bloque de p\u00e1rrafo\" aria-multiline=\"true\" data-block=\"7d49b16b-6430-4eca-8d29-8665f36216e2\" data-type=\"core\/paragraph\" data-title=\"P\u00e1rrafo\">De acuerdo con lo que establece la Ley 34\/2002, de Servicios de la Sociedad de la Informaci\u00f3n y el Comercio Electr\u00f3nico en su art\u00edculo 21, solicitaremos su consentimiento para poder realizar comunicaciones publicitarias que consideremos puedan ser de su inter\u00e9s, por correo electr\u00f3nico o por cualquier otro medio de comunicaci\u00f3n electr\u00f3nica equivalente.<\/p>\n<p id=\"block-1155e0a4-263e-4b00-82c9-7cc57c84e649\" class=\"block-editor-block-list__block wp-block rich-text block-editor-rich-text__editable wp-block\" tabindex=\"0\" role=\"textbox\" aria-label=\"Bloque vac\u00edo; empieza a escribir o escribe una barra ( \/ ) para elegir un bloque\" aria-multiline=\"true\" data-block=\"1155e0a4-263e-4b00-82c9-7cc57c84e649\" data-type=\"core\/paragraph\" data-title=\"P\u00e1rrafo\">\n<\/p><p id=\"block-a58c1a32-8dca-443d-8208-6681e33ca8ef\" class=\"block-editor-block-list__block wp-block rich-text block-editor-rich-text__editable has-text-align-justify wp-block\" tabindex=\"0\" role=\"textbox\" aria-label=\"Bloque de p\u00e1rrafo\" aria-multiline=\"true\" data-block=\"a58c1a32-8dca-443d-8208-6681e33ca8ef\" data-type=\"core\/paragraph\" data-title=\"P\u00e1rrafo\">En el caso de autorizar el env\u00edo de informaci\u00f3n \/ publicidad y no desee seguir recibiendo m\u00e1s informaci\u00f3n al respecto, usted tiene derecho a oponerse y\/o retirar dicho consentimiento, en cualquier momento, mediante notificaci\u00f3n por escrito o mediante correo electr\u00f3nico en la\/s direcci\u00f3n\/es anteriormente indicada\/s<\/p>\n<div class=\"block-list-appender\" tabindex=\"-1\">&nbsp;<\/div>\n<\/div>\n<\/div>\n<\/div>\n<\/div>\n<div tabindex=\"0\">&nbsp;<\/div>\n<p><\/p>\n<p style=\"color: var( --e-global-color-text ); font-family: var( --e-global-typography-text-font-family ), Sans-serif; font-weight: var( --e-global-typography-text-font-weight );\">\n<\/p><\/div>\n<div>\n<p style=\"color: var( --e-global-color-text ); font-family: var( --e-global-typography-text-font-family ), Sans-serif; font-weight: var( --e-global-typography-text-font-weight );\"><i>&nbsp;<\/i><\/p>\n<\/div>\n<div>\n<p style=\"color: var( --e-global-color-text ); font-family: var( --e-global-typography-text-font-family ), Sans-serif; font-weight: var( --e-global-typography-text-font-weight );\">\n<\/p><\/div>\n<\/div><\/div><\/div>\n\t\t\t\t<\/div>\n\t\t\t\t<\/div>\n\t\t\t\t\t\t<\/div>\n\t\t\t\t\t<\/div>\n\t\t<\/div>\n\t\t\t\t\t\t\t\t<\/div>\n\t\t\t\t\t<\/div>\n\t\t<\/section>\n\t\t\t\t\t\t<\/div>\n\t\t\t\t\t\t<\/div>\n\t\t\t\t\t<\/div>\n\t\t","protected":false},"excerpt":{"rendered":"<p>&nbsp; &nbsp; &nbsp; &nbsp; &nbsp;CONDICIONES DE ACCESO Y UTILIZACI\u00d3N &nbsp; El presente aviso legal regula el uso del sitio web www.thirteenroses.es (en adelante, LA WEB), del que es titular Laura L\u00f3pez Andrade La navegaci\u00f3n por [&hellip;]<\/p>\n","protected":false},"author":3,"featured_media":0,"parent":0,"menu_order":0,"comment_status":"closed","ping_status":"closed","template":"","meta":{"spay_email":""},"jetpack_sharing_enabled":true,"jetpack_shortlink":"https:\/\/wp.me\/P9O4m2-2tu","_links":{"self":[{"href":"https:\/\/thirteenroses.es\/index.php?rest_route=\/wp\/v2\/pages\/9516"}],"collection":[{"href":"https:\/\/thirteenroses.es\/index.php?rest_route=\/wp\/v2\/pages"}],"about":[{"href":"https:\/\/thirteenroses.es\/index.php?rest_route=\/wp\/v2\/types\/page"}],"author":[{"embeddable":true,"href":"https:\/\/thirteenroses.es\/index.php?rest_route=\/wp\/v2\/users\/3"}],"replies":[{"embeddable":true,"href":"https:\/\/thirteenroses.es\/index.php?rest_route=%2Fwp%2Fv2%2Fcomments&post=9516"}],"version-history":[{"count":26,"href":"https:\/\/thirteenroses.es\/index.php?rest_route=\/wp\/v2\/pages\/9516\/revisions"}],"predecessor-version":[{"id":9801,"href":"https:\/\/thirteenroses.es\/index.php?rest_route=\/wp\/v2\/pages\/9516\/revisions\/9801"}],"wp:attachment":[{"href":"https:\/\/thirteenroses.es\/index.php?rest_route=%2Fwp%2Fv2%2Fmedia&parent=9516"}],"curies":[{"name":"wp","href":"https:\/\/api.w.org\/{rel}","templated":true}]}}