{"id":9536,"date":"2021-10-07T08:34:30","date_gmt":"2021-10-07T08:34:30","guid":{"rendered":"https:\/\/thirteenroses.es\/?post_type=product&#038;p=9536"},"modified":"2025-09-22T15:52:03","modified_gmt":"2025-09-22T15:52:03","slug":"o-caes-bien-o-eres-feminista","status":"publish","type":"product","link":"https:\/\/thirteenroses.es\/?product=o-caes-bien-o-eres-feminista","title":{"rendered":"O CAES BIEN O ERES FEMINISTA"},"content":{"rendered":"<h4>La taza que te recordar\u00e1 todas las ma\u00f1anas que a este mundo las feministas hemos venido a molestar, que si molestas lo est\u00e1s haciendo bien y que gracias a eso&#8230; \u00a1SE VA A CAER!<\/h4>\n<h5>Taza de cer\u00e1mica de alta calidad de 350ml de capacidad. Grabado a laser. Apta para lavavajillas y microondas. Larga durabilidad.<\/h5>\n","protected":false},"excerpt":{"rendered":"<p>La taza que te recordar\u00e1 todas las ma\u00f1anas que a este mundo las feministas hemos venido a molestar, que si molestas lo est\u00e1s haciendo bien y que gracias a eso&#8230; \u00a1SE VA A CAER! Taza [&hellip;]<\/p>\n","protected":false},"featured_media":9537,"comment_status":"open","ping_status":"closed","template":"","meta":{"spay_email":"","jetpack_publicize_message":"","jetpack_is_tweetstorm":false},"jetpack_publicize_connections":[],"jetpack_sharing_enabled":true,"_links":{"self":[{"href":"https:\/\/thirteenroses.es\/index.php?rest_route=\/wp\/v2\/product\/9536"}],"collection":[{"href":"https:\/\/thirteenroses.es\/index.php?rest_route=\/wp\/v2\/product"}],"about":[{"href":"https:\/\/thirteenroses.es\/index.php?rest_route=\/wp\/v2\/types\/product"}],"replies":[{"embeddable":true,"href":"https:\/\/thirteenroses.es\/index.php?rest_route=%2Fwp%2Fv2%2Fcomments&post=9536"}],"wp:featuredmedia":[{"embeddable":true,"href":"https:\/\/thirteenroses.es\/index.php?rest_route=\/wp\/v2\/media\/9537"}],"wp:attachment":[{"href":"https:\/\/thirteenroses.es\/index.php?rest_route=%2Fwp%2Fv2%2Fmedia&parent=9536"}],"curies":[{"name":"wp","href":"https:\/\/api.w.org\/{rel}","templated":true}]}}