{"id":9711,"date":"2022-02-20T19:00:28","date_gmt":"2022-02-20T19:00:28","guid":{"rendered":"https:\/\/thirteenroses.es\/?post_type=product&#038;p=9711"},"modified":"2024-08-21T15:53:39","modified_gmt":"2024-08-21T15:53:39","slug":"votes-for-women-totebag","status":"publish","type":"product","link":"https:\/\/thirteenroses.es\/?product=votes-for-women-totebag","title":{"rendered":"VOTES FOR WOMEN-TOTEBAG"},"content":{"rendered":"<p><strong>Mi homenaje a las Sufragistas, las hero\u00ednas a las que les debemos el derecho a voto, permitiendo el comienzo de nuestra emancipaci\u00f3n de la esfera privada.<\/strong><\/p>\n<h5>Vegan. 100% algod\u00f3n org\u00e1nico<\/h5>\n<p>&nbsp;<\/p>\n<p>&nbsp;<\/p>\n<p>&nbsp;<\/p>\n","protected":false},"excerpt":{"rendered":"<p>Mi homenaje a las Sufragistas, las hero\u00ednas a las que les debemos el derecho a voto, permitiendo el comienzo de nuestra emancipaci\u00f3n de la esfera privada. Vegan. 100% algod\u00f3n org\u00e1nico &nbsp; &nbsp; &nbsp;<\/p>\n","protected":false},"featured_media":9717,"comment_status":"open","ping_status":"closed","template":"","meta":{"spay_email":"","jetpack_publicize_message":"","jetpack_is_tweetstorm":false},"jetpack_publicize_connections":[],"jetpack_sharing_enabled":true,"_links":{"self":[{"href":"https:\/\/thirteenroses.es\/index.php?rest_route=\/wp\/v2\/product\/9711"}],"collection":[{"href":"https:\/\/thirteenroses.es\/index.php?rest_route=\/wp\/v2\/product"}],"about":[{"href":"https:\/\/thirteenroses.es\/index.php?rest_route=\/wp\/v2\/types\/product"}],"replies":[{"embeddable":true,"href":"https:\/\/thirteenroses.es\/index.php?rest_route=%2Fwp%2Fv2%2Fcomments&post=9711"}],"wp:featuredmedia":[{"embeddable":true,"href":"https:\/\/thirteenroses.es\/index.php?rest_route=\/wp\/v2\/media\/9717"}],"wp:attachment":[{"href":"https:\/\/thirteenroses.es\/index.php?rest_route=%2Fwp%2Fv2%2Fmedia&parent=9711"}],"curies":[{"name":"wp","href":"https:\/\/api.w.org\/{rel}","templated":true}]}}